{"id":548,"date":"2024-02-12T13:30:07","date_gmt":"2024-02-12T13:30:07","guid":{"rendered":"https:\/\/www.rightplacement.be\/?page_id=548"},"modified":"2025-02-07T11:57:40","modified_gmt":"2025-02-07T11:57:40","slug":"quest-ce-que-le-rightplacement","status":"publish","type":"page","link":"https:\/\/www.rightplacement.be\/?page_id=548","title":{"rendered":"Qu&rsquo;est-ce que le RightPlacement ?"},"content":{"rendered":"\t\t<div data-elementor-type=\"wp-page\" data-elementor-id=\"548\" class=\"elementor elementor-548\" data-elementor-post-type=\"page\">\n\t\t\t\t\t\t<section class=\"elementor-section elementor-top-section elementor-element elementor-element-5549a4e elementor-section-boxed elementor-section-height-default elementor-section-height-default\" data-id=\"5549a4e\" data-element_type=\"section\" data-e-type=\"section\">\n\t\t\t\t\t\t<div class=\"elementor-container elementor-column-gap-default\">\n\t\t\t\t\t<div class=\"elementor-column elementor-col-50 elementor-top-column elementor-element elementor-element-854ac55\" data-id=\"854ac55\" data-element_type=\"column\" data-e-type=\"column\">\n\t\t\t<div class=\"elementor-widget-wrap elementor-element-populated\">\n\t\t\t\t\t\t<div class=\"elementor-element elementor-element-af1270f elementor-widget elementor-widget-text-editor\" data-id=\"af1270f\" data-element_type=\"widget\" data-e-type=\"widget\" data-widget_type=\"text-editor.default\">\n\t\t\t\t<div class=\"elementor-widget-container\">\n\t\t\t\t\t\t\t\t\t<p>A propos de<\/p>\t\t\t\t\t\t\t\t<\/div>\n\t\t\t\t<\/div>\n\t\t\t\t<div class=\"elementor-element elementor-element-a4a6a11 elementor-widget elementor-widget-heading\" data-id=\"a4a6a11\" data-element_type=\"widget\" data-e-type=\"widget\" data-widget_type=\"heading.default\">\n\t\t\t\t<div class=\"elementor-widget-container\">\n\t\t\t\t\t<p class=\"elementor-heading-title elementor-size-default\">Rightplacement<\/p>\t\t\t\t<\/div>\n\t\t\t\t<\/div>\n\t\t\t\t\t<\/div>\n\t\t<\/div>\n\t\t\t\t<div class=\"elementor-column elementor-col-50 elementor-top-column elementor-element elementor-element-6c787cc\" data-id=\"6c787cc\" data-element_type=\"column\" data-e-type=\"column\">\n\t\t\t<div class=\"elementor-widget-wrap elementor-element-populated\">\n\t\t\t\t\t\t<div class=\"elementor-element elementor-element-a7a4f6d elementor-drop-cap-yes elementor-drop-cap-view-default elementor-widget elementor-widget-text-editor\" data-id=\"a7a4f6d\" data-element_type=\"widget\" data-e-type=\"widget\" data-settings=\"{&quot;drop_cap&quot;:&quot;yes&quot;}\" data-widget_type=\"text-editor.default\">\n\t\t\t\t<div class=\"elementor-widget-container\">\n\t\t\t\t\t\t\t\t\t<p>Sp\u00e9cialis\u00e9e dans la gestion et le coaching des talents tant dans les secteurs priv\u00e9s, publics et non marchands, l\u2019\u00e9quipe Rightplacement vous aide \u00e0 \u00e9viter au maximum les pertes en capital humain et financier li\u00e9es aux licenciements, absent\u00e9ismes, d\u00e9motivation et d\u00e9missions venant de vos meilleurs talents. Instaurez avec nous une culture de mobilit\u00e9 volontaire et de coresponsabilit\u00e9 de carri\u00e8res entre employeur et collaborateurs !<\/p>\t\t\t\t\t\t\t\t<\/div>\n\t\t\t\t<\/div>\n\t\t\t\t<div class=\"elementor-element elementor-element-1796f78 elementor-align-right elementor-widget elementor-widget-button\" data-id=\"1796f78\" data-element_type=\"widget\" data-e-type=\"widget\" data-widget_type=\"button.default\">\n\t\t\t\t<div class=\"elementor-widget-container\">\n\t\t\t\t\t\t\t\t\t<div class=\"elementor-button-wrapper\">\n\t\t\t\t\t<a class=\"elementor-button elementor-button-link elementor-size-sm\" href=\"https:\/\/www.rightplacement.be\/?page_id=548\" target=\"_blank\">\n\t\t\t\t\t\t<span class=\"elementor-button-content-wrapper\">\n\t\t\t\t\t\t\t\t\t<span class=\"elementor-button-text\">En savoir plus<\/span>\n\t\t\t\t\t<\/span>\n\t\t\t\t\t<\/a>\n\t\t\t\t<\/div>\n\t\t\t\t\t\t\t\t<\/div>\n\t\t\t\t<\/div>\n\t\t\t\t\t<\/div>\n\t\t<\/div>\n\t\t\t\t\t<\/div>\n\t\t<\/section>\n\t\t\t\t<section class=\"elementor-section elementor-top-section elementor-element elementor-element-56f1c04 elementor-section-boxed elementor-section-height-default elementor-section-height-default\" data-id=\"56f1c04\" data-element_type=\"section\" data-e-type=\"section\">\n\t\t\t\t\t\t<div class=\"elementor-container elementor-column-gap-default\">\n\t\t\t\t\t<div class=\"elementor-column elementor-col-100 elementor-top-column elementor-element elementor-element-3ec5e8a\" data-id=\"3ec5e8a\" data-element_type=\"column\" data-e-type=\"column\">\n\t\t\t<div class=\"elementor-widget-wrap elementor-element-populated\">\n\t\t\t\t\t\t<div class=\"elementor-element elementor-element-cef85f4 elementor-widget elementor-widget-heading\" data-id=\"cef85f4\" data-element_type=\"widget\" data-e-type=\"widget\" data-widget_type=\"heading.default\">\n\t\t\t\t<div class=\"elementor-widget-container\">\n\t\t\t\t\t<p class=\"elementor-heading-title elementor-size-default\">Le rightplacement et l'alignoscope pourquoi et pour qui?<\/p>\t\t\t\t<\/div>\n\t\t\t\t<\/div>\n\t\t\t\t<div class=\"elementor-element elementor-element-3ee4f79 elementor-widget elementor-widget-toggle\" data-id=\"3ee4f79\" data-element_type=\"widget\" data-e-type=\"widget\" data-widget_type=\"toggle.default\">\n\t\t\t\t<div class=\"elementor-widget-container\">\n\t\t\t\t\t\t\t<div class=\"elementor-toggle\">\n\t\t\t\t\t\t\t<div class=\"elementor-toggle-item\">\n\t\t\t\t\t<div id=\"elementor-tab-title-6591\" class=\"elementor-tab-title\" data-tab=\"1\" role=\"button\" aria-controls=\"elementor-tab-content-6591\" aria-expanded=\"false\">\n\t\t\t\t\t\t\t\t\t\t\t\t<span class=\"elementor-toggle-icon elementor-toggle-icon-left\" aria-hidden=\"true\">\n\t\t\t\t\t\t\t\t\t\t\t\t\t\t\t<span class=\"elementor-toggle-icon-closed\"><i class=\"fas fa-caret-right\"><\/i><\/span>\n\t\t\t\t\t\t\t\t<span class=\"elementor-toggle-icon-opened\"><i class=\"elementor-toggle-icon-opened fas fa-caret-up\"><\/i><\/span>\n\t\t\t\t\t\t\t\t\t\t\t\t\t<\/span>\n\t\t\t\t\t\t\t\t\t\t\t\t<a class=\"elementor-toggle-title\" tabindex=\"0\">En tant que manager, je veux limiter les pertes en capital humain<\/a>\n\t\t\t\t\t<\/div>\n\n\t\t\t\t\t<div id=\"elementor-tab-content-6591\" class=\"elementor-tab-content elementor-clearfix\" data-tab=\"1\" role=\"region\" aria-labelledby=\"elementor-tab-title-6591\"><p>Que vous soyez dirigeant ou cadre dirigeant d&rsquo;une organisation, il est important pour vous de veiller \u00e0 la sant\u00e9 du capital financier et humain sans lesquels votre structure ne peut bien performer. Vous \u00eates certainement confront\u00e9(e) \u00e0 la difficult\u00e9 de recruter, mobiliser, retenir et motiver vos talents. Peut-\u00eatre faites-vous face aussi \u00e0 de l&rsquo;absent\u00e9isme, du burn-out ou \u00e0 une partie de vos collaborateurs qui ne correspondent plus aux exigences du secteur en termes de comp\u00e9tences. Ces ph\u00e9nom\u00e8nes co\u00fbtent ou risque de co\u00fbter cher \u00e0 votre organisation, et il est temps d&rsquo;y rem\u00e9dier. La strat\u00e9gie de rightplacement et l&rsquo;alignoscope qui l&rsquo;accompagnent peuvent grandement vous aider dans ces d\u00e9fis.\u00a0 \u00a0 <\/p><\/div>\n\t\t\t\t<\/div>\n\t\t\t\t\t\t\t<div class=\"elementor-toggle-item\">\n\t\t\t\t\t<div id=\"elementor-tab-title-6592\" class=\"elementor-tab-title\" data-tab=\"2\" role=\"button\" aria-controls=\"elementor-tab-content-6592\" aria-expanded=\"false\">\n\t\t\t\t\t\t\t\t\t\t\t\t<span class=\"elementor-toggle-icon elementor-toggle-icon-left\" aria-hidden=\"true\">\n\t\t\t\t\t\t\t\t\t\t\t\t\t\t\t<span class=\"elementor-toggle-icon-closed\"><i class=\"fas fa-caret-right\"><\/i><\/span>\n\t\t\t\t\t\t\t\t<span class=\"elementor-toggle-icon-opened\"><i class=\"elementor-toggle-icon-opened fas fa-caret-up\"><\/i><\/span>\n\t\t\t\t\t\t\t\t\t\t\t\t\t<\/span>\n\t\t\t\t\t\t\t\t\t\t\t\t<a class=\"elementor-toggle-title\" tabindex=\"0\">Licenciement? Tr\u00e8s peu pour moi, merci<\/a>\n\t\t\t\t\t<\/div>\n\n\t\t\t\t\t<div id=\"elementor-tab-content-6592\" class=\"elementor-tab-content elementor-clearfix\" data-tab=\"2\" role=\"region\" aria-labelledby=\"elementor-tab-title-6592\"><p>En tant que collaborateur d&rsquo;une organisation, vous pouvez vous sentir en d\u00e9calage, en perte de motivation ou frustr\u00e9 dans votre emploi actuel. Et pourtant, il n&rsquo;est pas si simple \u00e0 vos yeux de quitter cet emploi, vos avez plein de bonnes raisons pour rester l\u00e0 o\u00f9 vous \u00eates. Mais sont-ce de bonnes raisons, vraiment? Il y a mieux \u00e0 faire que de subir sa carri\u00e8re, se plaindre, laisser les ann\u00e9es passer et attendre la pension&#8230; ou le licenciement! Vous pouvez choisir de prendre votre carri\u00e8re en main et tenter de changer ce que vous pouvez changer tout en restant chez votre employeur, voire m\u00eame changer d&#8217;emploi au sein de la structure, dans des structures proches de votre employeur ou bien loin de cet univers, pourvu que vous soyez align\u00e9(e) avec qui vous \u00eates et ce que vous d\u00e9sirez dans votre travail! Avec le rightplacement et l&rsquo;alignoscope, vous avez un cadre de r\u00e9flexion et d&rsquo;action pour retrouver l&rsquo;\u00e9panouissement au travail.\u00a0 <\/p><\/div>\n\t\t\t\t<\/div>\n\t\t\t\t\t\t\t\t<\/div>\n\t\t\t\t\t\t<\/div>\n\t\t\t\t<\/div>\n\t\t\t\t\t<\/div>\n\t\t<\/div>\n\t\t\t\t\t<\/div>\n\t\t<\/section>\n\t\t\t\t<section class=\"elementor-section elementor-top-section elementor-element elementor-element-4ac81a71 elementor-section-boxed elementor-section-height-default elementor-section-height-default\" data-id=\"4ac81a71\" data-element_type=\"section\" data-e-type=\"section\">\n\t\t\t\t\t\t<div class=\"elementor-container elementor-column-gap-default\">\n\t\t\t\t\t<div class=\"elementor-column elementor-col-50 elementor-top-column elementor-element elementor-element-5c5e560\" data-id=\"5c5e560\" data-element_type=\"column\" data-e-type=\"column\">\n\t\t\t<div class=\"elementor-widget-wrap elementor-element-populated\">\n\t\t\t\t\t\t<div class=\"elementor-element elementor-element-6fbf7f67 elementor-widget elementor-widget-heading\" data-id=\"6fbf7f67\" data-element_type=\"widget\" data-e-type=\"widget\" data-widget_type=\"heading.default\">\n\t\t\t\t<div class=\"elementor-widget-container\">\n\t\t\t\t\t<p class=\"elementor-heading-title elementor-size-default\">01<\/p>\t\t\t\t<\/div>\n\t\t\t\t<\/div>\n\t\t\t\t<div class=\"elementor-element elementor-element-71ac68b2 elementor-widget elementor-widget-text-editor\" data-id=\"71ac68b2\" data-element_type=\"widget\" data-e-type=\"widget\" data-widget_type=\"text-editor.default\">\n\t\t\t\t<div class=\"elementor-widget-container\">\n\t\t\t\t\t\t\t\t\t<p>Comprendre d\u2019o\u00f9 viennent vos probl\u00e8mes en capital humain.<\/p>\t\t\t\t\t\t\t\t<\/div>\n\t\t\t\t<\/div>\n\t\t\t\t<div class=\"elementor-element elementor-element-177fb50 elementor-widget elementor-widget-text-editor\" data-id=\"177fb50\" data-element_type=\"widget\" data-e-type=\"widget\" data-widget_type=\"text-editor.default\">\n\t\t\t\t<div class=\"elementor-widget-container\">\n\t\t\t\t\t\t\t\t\t<p>En tant que cadre dirigeant, vous aimeriez faire un checkup de la sant\u00e9 de votre capital humain, ou bien vous connaissez au sein de votre structure de la d\u00e9motivation, de l\u2019absent\u00e9isme, des d\u00e9missions ou des licenciements trop fr\u00e9quents. Au travers de l&rsquo;Alignoscope, nous vous aidons \u00e0 comprendre les causes de ces pertes financi\u00e8res et humaines en menant une s\u00e9rie d\u2019interviews au sein de votre personnel afin de rep\u00e9rer les causes r\u00e9currentes et identifier des pistes de solutions.<\/p>\t\t\t\t\t\t\t\t<\/div>\n\t\t\t\t<\/div>\n\t\t\t\t\t<\/div>\n\t\t<\/div>\n\t\t\t\t<div class=\"elementor-column elementor-col-50 elementor-top-column elementor-element elementor-element-4d835503\" data-id=\"4d835503\" data-element_type=\"column\" data-e-type=\"column\">\n\t\t\t<div class=\"elementor-widget-wrap elementor-element-populated\">\n\t\t\t\t\t\t<div class=\"elementor-element elementor-element-6a70349a elementor-widget elementor-widget-heading\" data-id=\"6a70349a\" data-element_type=\"widget\" data-e-type=\"widget\" data-widget_type=\"heading.default\">\n\t\t\t\t<div class=\"elementor-widget-container\">\n\t\t\t\t\t<p class=\"elementor-heading-title elementor-size-default\">02<\/p>\t\t\t\t<\/div>\n\t\t\t\t<\/div>\n\t\t\t\t<div class=\"elementor-element elementor-element-d26ffc9 elementor-widget elementor-widget-text-editor\" data-id=\"d26ffc9\" data-element_type=\"widget\" data-e-type=\"widget\" data-widget_type=\"text-editor.default\">\n\t\t\t\t<div class=\"elementor-widget-container\">\n\t\t\t\t\t\t\t\t\t<p>Pr\u00e9venir l\u2019\u00e9puisement professionnel et le licenciement.<\/p>\t\t\t\t\t\t\t\t<\/div>\n\t\t\t\t<\/div>\n\t\t\t\t<div class=\"elementor-element elementor-element-5df3cb02 elementor-widget elementor-widget-text-editor\" data-id=\"5df3cb02\" data-element_type=\"widget\" data-e-type=\"widget\" data-widget_type=\"text-editor.default\">\n\t\t\t\t<div class=\"elementor-widget-container\">\n\t\t\t\t\t\t\t\t\t<p>L\u2019\u00e9puisement et les licenciements coutent moralement et financi\u00e8rement tant aux employeurs qu\u2019aux collaborateurs. Notre optique est de pr\u00e9venir plut\u00f4t que gu\u00e9rir, de s\u2019attaquer au probl\u00e8me \u00e0 la base, individuellement ou collectivement. Nous pouvons aussi agir curativement en permettant au collaborateur souffrant, insatisfait ou en manque de motivation de se remettre sur les bons rails, que ce soit au sein de la structure ou de l\u2019environnement \u00e9tendu de son employeur: l&rsquo;\u00e9cosyst\u00e8me.<\/p>\t\t\t\t\t\t\t\t<\/div>\n\t\t\t\t<\/div>\n\t\t\t\t\t<\/div>\n\t\t<\/div>\n\t\t\t\t\t<\/div>\n\t\t<\/section>\n\t\t\t\t<section class=\"elementor-section elementor-top-section elementor-element elementor-element-7fd7802b elementor-section-boxed elementor-section-height-default elementor-section-height-default\" data-id=\"7fd7802b\" data-element_type=\"section\" data-e-type=\"section\">\n\t\t\t\t\t\t<div class=\"elementor-container elementor-column-gap-default\">\n\t\t\t\t\t<div class=\"elementor-column elementor-col-50 elementor-top-column elementor-element elementor-element-69de6bbc\" data-id=\"69de6bbc\" data-element_type=\"column\" data-e-type=\"column\">\n\t\t\t<div class=\"elementor-widget-wrap elementor-element-populated\">\n\t\t\t\t\t\t<div class=\"elementor-element elementor-element-18dfec15 elementor-widget elementor-widget-heading\" data-id=\"18dfec15\" data-element_type=\"widget\" data-e-type=\"widget\" data-widget_type=\"heading.default\">\n\t\t\t\t<div class=\"elementor-widget-container\">\n\t\t\t\t\t<p class=\"elementor-heading-title elementor-size-default\">03<\/p>\t\t\t\t<\/div>\n\t\t\t\t<\/div>\n\t\t\t\t<div class=\"elementor-element elementor-element-5387e6f3 elementor-widget elementor-widget-text-editor\" data-id=\"5387e6f3\" data-element_type=\"widget\" data-e-type=\"widget\" data-widget_type=\"text-editor.default\">\n\t\t\t\t<div class=\"elementor-widget-container\">\n\t\t\t\t\t\t\t\t\t<p>Rendre une r\u00e9organisation plus humaine et moins co\u00fbteuse.<\/p>\t\t\t\t\t\t\t\t<\/div>\n\t\t\t\t<\/div>\n\t\t\t\t<div class=\"elementor-element elementor-element-75696338 elementor-widget elementor-widget-text-editor\" data-id=\"75696338\" data-element_type=\"widget\" data-e-type=\"widget\" data-widget_type=\"text-editor.default\">\n\t\t\t\t<div class=\"elementor-widget-container\">\n\t\t\t\t\t\t\t\t\t<p>Une r\u00e9organisation peut \u00eatre parfois in\u00e9vitable, mais trop souvent, leur co\u00fbt est inversement proportionnel au temps de pr\u00e9paration. Les organisations o\u00f9 la mobilit\u00e9 professionnelle est encourag\u00e9e ont un avantage sur celles o\u00f9 les travailleurs ne changent pas, ou rarement, de poste et ne prennent pas leur carri\u00e8re en mains. <\/p><p>\u00a0<\/p><p>Nous vous accompagnons dans le processus de mobilisation de vos talents afin de les placer au mieux dans un r\u00f4le qui leur va pour le mieux avec une vue sur leurs opportunit\u00e9s de carri\u00e8re et dans le context plus large de votre \u00e9cosyst\u00e8me (clients, fournisseurs, partenaires, soci\u00e9t\u00e9s affili\u00e9es. Ainsi, vous pouvez pr\u00e9server au maximum le capital humain qu&rsquo;elles repr\u00e9sentent. Avec le Rightplacement, vous allez donc non seulement r\u00e9duire s\u00e9rieusement l&rsquo;impact financier et psychologique d&rsquo;une r\u00e9organisation au sein de votre organisation mais \u00e9galement motiver davantage vos collaborateurs.<\/p>\t\t\t\t\t\t\t\t<\/div>\n\t\t\t\t<\/div>\n\t\t\t\t\t<\/div>\n\t\t<\/div>\n\t\t\t\t<div class=\"elementor-column elementor-col-50 elementor-top-column elementor-element elementor-element-5723a5a1\" data-id=\"5723a5a1\" data-element_type=\"column\" data-e-type=\"column\">\n\t\t\t<div class=\"elementor-widget-wrap elementor-element-populated\">\n\t\t\t\t\t\t<div class=\"elementor-element elementor-element-40ed7db8 elementor-widget elementor-widget-heading\" data-id=\"40ed7db8\" data-element_type=\"widget\" data-e-type=\"widget\" data-widget_type=\"heading.default\">\n\t\t\t\t<div class=\"elementor-widget-container\">\n\t\t\t\t\t<p class=\"elementor-heading-title elementor-size-default\">04<\/p>\t\t\t\t<\/div>\n\t\t\t\t<\/div>\n\t\t\t\t<div class=\"elementor-element elementor-element-65cea42d elementor-widget elementor-widget-text-editor\" data-id=\"65cea42d\" data-element_type=\"widget\" data-e-type=\"widget\" data-widget_type=\"text-editor.default\">\n\t\t\t\t<div class=\"elementor-widget-container\">\n\t\t\t\t\t\t\t\t\t<p>Booster la mobilit\u00e9, la motivation et la gestion des talents.<\/p>\t\t\t\t\t\t\t\t<\/div>\n\t\t\t\t<\/div>\n\t\t\t\t<div class=\"elementor-element elementor-element-2bd8cc5a elementor-widget elementor-widget-text-editor\" data-id=\"2bd8cc5a\" data-element_type=\"widget\" data-e-type=\"widget\" data-widget_type=\"text-editor.default\">\n\t\t\t\t<div class=\"elementor-widget-container\">\n\t\t\t\t\t\t\t\t\t<p>La gestion des talents, des carri\u00e8res et des comp\u00e9tences n\u2019est pas une chose simple, mais elle ne fait que cro\u00eetre en importance jusqu&rsquo;\u00e0 former un atout strat\u00e9gique pour votre organisation. Sous l&rsquo;impulsion des nouvelles technologies et des ph\u00e9nom\u00e8nes perturbateurs tels la pand\u00e9mie du COVID et le changement climatique, vous devez constamment vous soucier de savoir si vous disposez aujourd&rsquo;hui des talents qui vous aideront \u00e0 survivre demain&#8230; Nous sommes persuad\u00e9s que si<span style=\"color: #ff00ff;\"><span style=\"color: #000000;\"> la mobilit\u00e9 est faible au sein de votre structure, vos chances de survie souffriront <\/span><\/span>car la technologie \u00e9volue, et les comp\u00e9tences requises aussi. Si la mobilit\u00e9 est faible au sein de votre structure, nous vous aidons \u00e0 proposer un cadre de gestion de carri\u00e8re et de la mobilit\u00e9 qui est d\u00e9cupl\u00e9e, car elle s\u2019ouvre \u00e0 l\u2019\u00e9cosyst\u00e8me de votre structure et repose sur le principe de responsabilit\u00e9 de carri\u00e8re partag\u00e9e. Cela veut dire que nous aidons vos collaborateurs \u00e0 d\u00e9velopper les bonnes comp\u00e9tences de gestion de carri\u00e8re et leur conscience pour plus d\u2019employabilit\u00e9 et de satisfaction au travail. Diriger sa carri\u00e8re plut\u00f4t que subir les d\u00e9cisions alors qu\u2019il est trop tard pour agir.<\/p>\t\t\t\t\t\t\t\t<\/div>\n\t\t\t\t<\/div>\n\t\t\t\t\t<\/div>\n\t\t<\/div>\n\t\t\t\t\t<\/div>\n\t\t<\/section>\n\t\t\t\t<\/div>\n\t\t","protected":false},"excerpt":{"rendered":"<p>A propos de Rightplacement Sp\u00e9cialis\u00e9e dans la gestion et le coaching des talents tant dans les secteurs priv\u00e9s, publics et non marchands, l\u2019\u00e9quipe Rightplacement vous aide \u00e0 \u00e9viter au maximum les pertes en capital humain et financier li\u00e9es aux licenciements, absent\u00e9ismes, d\u00e9motivation et d\u00e9missions venant de vos meilleurs talents. Instaurez avec nous une culture de&hellip; <a class=\"more-link\" href=\"https:\/\/www.rightplacement.be\/?page_id=548\">Poursuivre la lecture <span class=\"screen-reader-text\">Qu&rsquo;est-ce que le RightPlacement ?<\/span><\/a><\/p>\n","protected":false},"author":1,"featured_media":0,"parent":0,"menu_order":0,"comment_status":"closed","ping_status":"closed","template":"elementor_header_footer","meta":{"footnotes":""},"class_list":["post-548","page","type-page","status-publish","hentry","entry"],"_links":{"self":[{"href":"https:\/\/www.rightplacement.be\/index.php?rest_route=\/wp\/v2\/pages\/548","targetHints":{"allow":["GET"]}}],"collection":[{"href":"https:\/\/www.rightplacement.be\/index.php?rest_route=\/wp\/v2\/pages"}],"about":[{"href":"https:\/\/www.rightplacement.be\/index.php?rest_route=\/wp\/v2\/types\/page"}],"author":[{"embeddable":true,"href":"https:\/\/www.rightplacement.be\/index.php?rest_route=\/wp\/v2\/users\/1"}],"replies":[{"embeddable":true,"href":"https:\/\/www.rightplacement.be\/index.php?rest_route=%2Fwp%2Fv2%2Fcomments&post=548"}],"version-history":[{"count":14,"href":"https:\/\/www.rightplacement.be\/index.php?rest_route=\/wp\/v2\/pages\/548\/revisions"}],"predecessor-version":[{"id":682,"href":"https:\/\/www.rightplacement.be\/index.php?rest_route=\/wp\/v2\/pages\/548\/revisions\/682"}],"wp:attachment":[{"href":"https:\/\/www.rightplacement.be\/index.php?rest_route=%2Fwp%2Fv2%2Fmedia&parent=548"}],"curies":[{"name":"wp","href":"https:\/\/api.w.org\/{rel}","templated":true}]}}