{"id":575,"date":"2024-02-14T09:43:50","date_gmt":"2024-02-14T09:43:50","guid":{"rendered":"https:\/\/www.rightplacement.be\/?page_id=575"},"modified":"2024-02-14T09:47:05","modified_gmt":"2024-02-14T09:47:05","slug":"team","status":"publish","type":"page","link":"https:\/\/www.rightplacement.be\/?page_id=575","title":{"rendered":"Team"},"content":{"rendered":"\t\t<div data-elementor-type=\"wp-page\" data-elementor-id=\"575\" class=\"elementor elementor-575\" data-elementor-post-type=\"page\">\n\t\t\t\t\t\t<section class=\"elementor-section elementor-top-section elementor-element elementor-element-dec1c01 elementor-section-boxed elementor-section-height-default elementor-section-height-default\" data-id=\"dec1c01\" data-element_type=\"section\" data-e-type=\"section\">\n\t\t\t\t\t\t<div class=\"elementor-container elementor-column-gap-default\">\n\t\t\t\t\t<div class=\"elementor-column elementor-col-50 elementor-top-column elementor-element elementor-element-db9ab52\" data-id=\"db9ab52\" data-element_type=\"column\" data-e-type=\"column\">\n\t\t\t<div class=\"elementor-widget-wrap elementor-element-populated\">\n\t\t\t\t\t\t<div class=\"elementor-element elementor-element-706b2b3 elementor-position-top elementor-widget elementor-widget-image-box\" data-id=\"706b2b3\" data-element_type=\"widget\" data-e-type=\"widget\" data-widget_type=\"image-box.default\">\n\t\t\t\t<div class=\"elementor-widget-container\">\n\t\t\t\t\t<div class=\"elementor-image-box-wrapper\"><figure class=\"elementor-image-box-img\"><img fetchpriority=\"high\" decoding=\"async\" width=\"1081\" height=\"1344\" src=\"https:\/\/www.rightplacement.be\/wp-content\/uploads\/2021\/11\/MS-RP-officiel.jpg\" class=\"attachment-full size-full wp-image-84\" alt=\"\" style=\"width:100%;height:124.33%;max-width:1081px\" srcset=\"https:\/\/www.rightplacement.be\/wp-content\/uploads\/2021\/11\/MS-RP-officiel.jpg 1081w, https:\/\/www.rightplacement.be\/wp-content\/uploads\/2021\/11\/MS-RP-officiel-241x300.jpg 241w, https:\/\/www.rightplacement.be\/wp-content\/uploads\/2021\/11\/MS-RP-officiel-824x1024.jpg 824w, https:\/\/www.rightplacement.be\/wp-content\/uploads\/2021\/11\/MS-RP-officiel-768x955.jpg 768w\" sizes=\"(max-width: 1081px) 100vw, 1081px\" \/><\/figure><div class=\"elementor-image-box-content\"><h3 class=\"elementor-image-box-title\">Marie-Sophie No\u00ebl<\/h3><p class=\"elementor-image-box-description\">Psychop\u00e9dagogue <br>\nCoach certifi\u00e9e<\/p><\/div><\/div>\t\t\t\t<\/div>\n\t\t\t\t<\/div>\n\t\t\t\t\t<\/div>\n\t\t<\/div>\n\t\t\t\t<div class=\"elementor-column elementor-col-50 elementor-top-column elementor-element elementor-element-c972c6f\" data-id=\"c972c6f\" data-element_type=\"column\" data-e-type=\"column\">\n\t\t\t<div class=\"elementor-widget-wrap elementor-element-populated\">\n\t\t\t\t\t\t<div class=\"elementor-element elementor-element-28b24cc elementor-drop-cap-yes elementor-drop-cap-view-default elementor-widget elementor-widget-text-editor\" data-id=\"28b24cc\" data-element_type=\"widget\" data-e-type=\"widget\" data-settings=\"{&quot;drop_cap&quot;:&quot;yes&quot;}\" data-widget_type=\"text-editor.default\">\n\t\t\t\t<div class=\"elementor-widget-container\">\n\t\t\t\t\t\t\t\t\t<p>Riche d\u2019une exp\u00e9rience de quinze ans dans le domaine des ressources humaines et plus particuli\u00e8rement dans la formation et le coaching, Marie-Sophie accompagne des personnes dans leur transition professionnelle ainsi que des organisations. Co-auteur de l\u2019Alignoscope, elle s\u2019implique dans l\u2019impl\u00e9mentation d\u2019une strat\u00e9gie de Rightplacement chez ses clients.<\/p>\t\t\t\t\t\t\t\t<\/div>\n\t\t\t\t<\/div>\n\t\t\t\t<div class=\"elementor-element elementor-element-c9555e7 elementor-widget-divider--view-line elementor-widget elementor-widget-divider\" data-id=\"c9555e7\" data-element_type=\"widget\" data-e-type=\"widget\" data-widget_type=\"divider.default\">\n\t\t\t\t<div class=\"elementor-widget-container\">\n\t\t\t\t\t\t\t<div class=\"elementor-divider\">\n\t\t\t<span class=\"elementor-divider-separator\">\n\t\t\t\t\t\t<\/span>\n\t\t<\/div>\n\t\t\t\t\t\t<\/div>\n\t\t\t\t<\/div>\n\t\t\t\t<div class=\"elementor-element elementor-element-0352caa elementor-shape-rounded elementor-grid-0 e-grid-align-center elementor-widget elementor-widget-social-icons\" data-id=\"0352caa\" data-element_type=\"widget\" data-e-type=\"widget\" data-widget_type=\"social-icons.default\">\n\t\t\t\t<div class=\"elementor-widget-container\">\n\t\t\t\t\t\t\t<div class=\"elementor-social-icons-wrapper elementor-grid\" role=\"list\">\n\t\t\t\t\t\t\t<span class=\"elementor-grid-item\" role=\"listitem\">\n\t\t\t\t\t<a class=\"elementor-icon elementor-social-icon elementor-social-icon-linkedin elementor-animation-grow elementor-repeater-item-0ac3790\" href=\"https:\/\/www.linkedin.com\/in\/msnoel\/?originalSubdomain=be\" target=\"_blank\">\n\t\t\t\t\t\t<span class=\"elementor-screen-only\">Linkedin<\/span>\n\t\t\t\t\t\t<i aria-hidden=\"true\" class=\"fab fa-linkedin\"><\/i>\t\t\t\t\t<\/a>\n\t\t\t\t<\/span>\n\t\t\t\t\t\t\t<span class=\"elementor-grid-item\" role=\"listitem\">\n\t\t\t\t\t<a class=\"elementor-icon elementor-social-icon elementor-social-icon-instagram elementor-animation-grow elementor-repeater-item-3378343\" href=\"https:\/\/www.instagram.com\/progressens\" target=\"_blank\">\n\t\t\t\t\t\t<span class=\"elementor-screen-only\">Instagram<\/span>\n\t\t\t\t\t\t<i aria-hidden=\"true\" class=\"fab fa-instagram\"><\/i>\t\t\t\t\t<\/a>\n\t\t\t\t<\/span>\n\t\t\t\t\t<\/div>\n\t\t\t\t\t\t<\/div>\n\t\t\t\t<\/div>\n\t\t\t\t\t<\/div>\n\t\t<\/div>\n\t\t\t\t\t<\/div>\n\t\t<\/section>\n\t\t\t\t<section class=\"elementor-section elementor-top-section elementor-element elementor-element-6960e12 elementor-section-boxed elementor-section-height-default elementor-section-height-default\" data-id=\"6960e12\" data-element_type=\"section\" data-e-type=\"section\">\n\t\t\t\t\t\t<div class=\"elementor-container elementor-column-gap-default\">\n\t\t\t\t\t<div class=\"elementor-column elementor-col-50 elementor-top-column elementor-element elementor-element-f3dc49f\" data-id=\"f3dc49f\" data-element_type=\"column\" data-e-type=\"column\">\n\t\t\t<div class=\"elementor-widget-wrap elementor-element-populated\">\n\t\t\t\t\t\t<div class=\"elementor-element elementor-element-b8ab2ff elementor-position-top elementor-widget elementor-widget-image-box\" data-id=\"b8ab2ff\" data-element_type=\"widget\" data-e-type=\"widget\" data-widget_type=\"image-box.default\">\n\t\t\t\t<div class=\"elementor-widget-container\">\n\t\t\t\t\t<div class=\"elementor-image-box-wrapper\"><figure class=\"elementor-image-box-img\"><img decoding=\"async\" width=\"1080\" height=\"1197\" src=\"https:\/\/www.rightplacement.be\/wp-content\/uploads\/2021\/11\/yves-business-noir-et-blanc.jpg\" class=\"attachment-full size-full wp-image-82\" alt=\"\" style=\"width:100%;height:110.83%;max-width:1080px\" srcset=\"https:\/\/www.rightplacement.be\/wp-content\/uploads\/2021\/11\/yves-business-noir-et-blanc.jpg 1080w, https:\/\/www.rightplacement.be\/wp-content\/uploads\/2021\/11\/yves-business-noir-et-blanc-271x300.jpg 271w, https:\/\/www.rightplacement.be\/wp-content\/uploads\/2021\/11\/yves-business-noir-et-blanc-924x1024.jpg 924w, https:\/\/www.rightplacement.be\/wp-content\/uploads\/2021\/11\/yves-business-noir-et-blanc-768x851.jpg 768w\" sizes=\"(max-width: 1080px) 100vw, 1080px\" \/><\/figure><div class=\"elementor-image-box-content\"><h3 class=\"elementor-image-box-title\">Yves Mertens<\/h3><p class=\"elementor-image-box-description\">\ud83d\udc41 Consultant en capital humain<\/p><\/div><\/div>\t\t\t\t<\/div>\n\t\t\t\t<\/div>\n\t\t\t\t\t<\/div>\n\t\t<\/div>\n\t\t\t\t<div class=\"elementor-column elementor-col-50 elementor-top-column elementor-element elementor-element-2d9c53c\" data-id=\"2d9c53c\" data-element_type=\"column\" data-e-type=\"column\">\n\t\t\t<div class=\"elementor-widget-wrap elementor-element-populated\">\n\t\t\t\t\t\t<div class=\"elementor-element elementor-element-faf0da2 elementor-drop-cap-yes elementor-drop-cap-view-default elementor-widget elementor-widget-text-editor\" data-id=\"faf0da2\" data-element_type=\"widget\" data-e-type=\"widget\" data-settings=\"{&quot;drop_cap&quot;:&quot;yes&quot;}\" data-widget_type=\"text-editor.default\">\n\t\t\t\t<div class=\"elementor-widget-container\">\n\t\t\t\t\t\t\t\t\t<p>Yves pratique le coaching professionnel depuis 2012.\u00a0 Son parcours atypique dans l\u2019\u00e9cosyst\u00e8me des produits de grande consommation, de la grande distribution et des \u00e9tudes de march\u00e9 ainsi que ses sept ann\u00e9es d\u2019exp\u00e9rience en outplacement l\u2019ont amen\u00e9 \u00e0 d\u00e9velopper et d\u00e9poser le principe Rightplacement ainsi que l\u2019Alignoscope. Il lui tient \u00e0 coeur de les r\u00e9pandre dans le monde du travail afin de maximiser le capital humain en termes psychologiques et financiers et a \u00e9crit l\u2019ouvrage consacr\u00e9 \u00e0 ce th\u00e8me avec Christian.<\/p>\t\t\t\t\t\t\t\t<\/div>\n\t\t\t\t<\/div>\n\t\t\t\t<div class=\"elementor-element elementor-element-f3ed0b0 elementor-widget-divider--view-line elementor-widget elementor-widget-divider\" data-id=\"f3ed0b0\" data-element_type=\"widget\" data-e-type=\"widget\" data-widget_type=\"divider.default\">\n\t\t\t\t<div class=\"elementor-widget-container\">\n\t\t\t\t\t\t\t<div class=\"elementor-divider\">\n\t\t\t<span class=\"elementor-divider-separator\">\n\t\t\t\t\t\t<\/span>\n\t\t<\/div>\n\t\t\t\t\t\t<\/div>\n\t\t\t\t<\/div>\n\t\t\t\t<div class=\"elementor-element elementor-element-4eba740 elementor-shape-rounded elementor-grid-0 e-grid-align-center elementor-widget elementor-widget-social-icons\" data-id=\"4eba740\" data-element_type=\"widget\" data-e-type=\"widget\" data-widget_type=\"social-icons.default\">\n\t\t\t\t<div class=\"elementor-widget-container\">\n\t\t\t\t\t\t\t<div class=\"elementor-social-icons-wrapper elementor-grid\">\n\t\t\t\t\t\t\t<span class=\"elementor-grid-item\">\n\t\t\t\t\t<a class=\"elementor-icon elementor-social-icon elementor-social-icon-linkedin elementor-animation-grow elementor-repeater-item-0ac3790\" href=\"https:\/\/www.linkedin.com\/in\/yvesmertens2023\/\" target=\"_blank\">\n\t\t\t\t\t\t<span class=\"elementor-screen-only\">Linkedin<\/span>\n\t\t\t\t\t\t<i aria-hidden=\"true\" class=\"fab fa-linkedin\"><\/i>\t\t\t\t\t<\/a>\n\t\t\t\t<\/span>\n\t\t\t\t\t<\/div>\n\t\t\t\t\t\t<\/div>\n\t\t\t\t<\/div>\n\t\t\t\t\t<\/div>\n\t\t<\/div>\n\t\t\t\t\t<\/div>\n\t\t<\/section>\n\t\t\t\t<section class=\"elementor-section elementor-top-section elementor-element elementor-element-dfb7730 elementor-section-boxed elementor-section-height-default elementor-section-height-default\" data-id=\"dfb7730\" data-element_type=\"section\" data-e-type=\"section\">\n\t\t\t\t\t\t<div class=\"elementor-container elementor-column-gap-no\">\n\t\t\t\t\t<div class=\"elementor-column elementor-col-50 elementor-top-column elementor-element elementor-element-edc6c86\" data-id=\"edc6c86\" data-element_type=\"column\" data-e-type=\"column\">\n\t\t\t<div class=\"elementor-widget-wrap elementor-element-populated\">\n\t\t\t\t\t\t<div class=\"elementor-element elementor-element-f8e1859 elementor-position-top elementor-widget elementor-widget-image-box\" data-id=\"f8e1859\" data-element_type=\"widget\" data-e-type=\"widget\" data-widget_type=\"image-box.default\">\n\t\t\t\t<div class=\"elementor-widget-container\">\n\t\t\t\t\t<div class=\"elementor-image-box-wrapper\"><figure class=\"elementor-image-box-img\"><img decoding=\"async\" width=\"690\" height=\"727\" src=\"https:\/\/www.rightplacement.be\/wp-content\/uploads\/2021\/11\/photo-Christian-Dirkx.png\" class=\"attachment-full size-full wp-image-85\" alt=\"\" style=\"width:100%;height:105.36%;max-width:690px\" srcset=\"https:\/\/www.rightplacement.be\/wp-content\/uploads\/2021\/11\/photo-Christian-Dirkx.png 690w, https:\/\/www.rightplacement.be\/wp-content\/uploads\/2021\/11\/photo-Christian-Dirkx-285x300.png 285w\" sizes=\"(max-width: 690px) 100vw, 690px\" \/><\/figure><div class=\"elementor-image-box-content\"><h3 class=\"elementor-image-box-title\">Christian Dirkx<\/h3><p class=\"elementor-image-box-description\">HR Counsel<\/p><\/div><\/div>\t\t\t\t<\/div>\n\t\t\t\t<\/div>\n\t\t\t\t\t<\/div>\n\t\t<\/div>\n\t\t\t\t<div class=\"elementor-column elementor-col-50 elementor-top-column elementor-element elementor-element-21b6274\" data-id=\"21b6274\" data-element_type=\"column\" data-e-type=\"column\">\n\t\t\t<div class=\"elementor-widget-wrap elementor-element-populated\">\n\t\t\t\t\t\t<div class=\"elementor-element elementor-element-b80539d elementor-drop-cap-yes elementor-drop-cap-view-default elementor-widget elementor-widget-text-editor\" data-id=\"b80539d\" data-element_type=\"widget\" data-e-type=\"widget\" data-settings=\"{&quot;drop_cap&quot;:&quot;yes&quot;}\" data-widget_type=\"text-editor.default\">\n\t\t\t\t<div class=\"elementor-widget-container\">\n\t\t\t\t\t\t\t\t\t<p>Christian Dirkx a fait carri\u00e8re chez Soci\u00e9t\u00e9 G\u00e9n\u00e9rale de Banque et IBM, o\u00f9 il a pass\u00e9 neuf ans en tant que Directeur des Ressources Humaines pour la Belgique et le Luxembourg, pour ensuite occuper des r\u00f4les dans les services RH au niveau international. Une carri\u00e8re qui peut para\u00eetre \u00e0 premi\u00e8re vue un peu vari\u00e9e au sein de deux organisations dynamiques, lui permettant de faire l\u2019exp\u00e9rience de vivre des changements profonds et constants, et plaidant pour la mobilit\u00e9 des talents comme facteur essentiel \u00e0 la motivation des employ\u00e9s. Aujourd\u2019hui il est actif dans diff\u00e9rents groupes de travail et a co-\u00e9crit l\u2019ouvrage consacr\u00e9 au Rightplacement avec Yves.<\/p>\t\t\t\t\t\t\t\t<\/div>\n\t\t\t\t<\/div>\n\t\t\t\t<div class=\"elementor-element elementor-element-bdaabd5 elementor-widget-divider--view-line elementor-widget elementor-widget-divider\" data-id=\"bdaabd5\" data-element_type=\"widget\" data-e-type=\"widget\" data-widget_type=\"divider.default\">\n\t\t\t\t<div class=\"elementor-widget-container\">\n\t\t\t\t\t\t\t<div class=\"elementor-divider\">\n\t\t\t<span class=\"elementor-divider-separator\">\n\t\t\t\t\t\t<\/span>\n\t\t<\/div>\n\t\t\t\t\t\t<\/div>\n\t\t\t\t<\/div>\n\t\t\t\t<div class=\"elementor-element elementor-element-ee5a93f elementor-shape-rounded elementor-grid-0 e-grid-align-center elementor-widget elementor-widget-social-icons\" data-id=\"ee5a93f\" data-element_type=\"widget\" data-e-type=\"widget\" data-widget_type=\"social-icons.default\">\n\t\t\t\t<div class=\"elementor-widget-container\">\n\t\t\t\t\t\t\t<div class=\"elementor-social-icons-wrapper elementor-grid\">\n\t\t\t\t\t\t\t<span class=\"elementor-grid-item\">\n\t\t\t\t\t<a class=\"elementor-icon elementor-social-icon elementor-social-icon-linkedin elementor-animation-grow elementor-repeater-item-0ac3790\" href=\"https:\/\/www.linkedin.com\/in\/christiandirkx\/\" target=\"_blank\">\n\t\t\t\t\t\t<span class=\"elementor-screen-only\">Linkedin<\/span>\n\t\t\t\t\t\t<i aria-hidden=\"true\" class=\"fab fa-linkedin\"><\/i>\t\t\t\t\t<\/a>\n\t\t\t\t<\/span>\n\t\t\t\t\t<\/div>\n\t\t\t\t\t\t<\/div>\n\t\t\t\t<\/div>\n\t\t\t\t\t<\/div>\n\t\t<\/div>\n\t\t\t\t\t<\/div>\n\t\t<\/section>\n\t\t\t\t<\/div>\n\t\t","protected":false},"excerpt":{"rendered":"<p>Marie-Sophie No\u00ebl Psychop\u00e9dagogue Coach certifi\u00e9e Riche d\u2019une exp\u00e9rience de quinze ans dans le domaine des ressources humaines et plus particuli\u00e8rement dans la formation et le coaching, Marie-Sophie accompagne des personnes dans leur transition professionnelle ainsi que des organisations. Co-auteur de l\u2019Alignoscope, elle s\u2019implique dans l\u2019impl\u00e9mentation d\u2019une strat\u00e9gie de Rightplacement chez ses clients. Linkedin Instagram Yves&hellip; <a class=\"more-link\" href=\"https:\/\/www.rightplacement.be\/?page_id=575\">Poursuivre la lecture <span class=\"screen-reader-text\">Team<\/span><\/a><\/p>\n","protected":false},"author":1,"featured_media":0,"parent":0,"menu_order":0,"comment_status":"closed","ping_status":"closed","template":"elementor_header_footer","meta":{"footnotes":""},"class_list":["post-575","page","type-page","status-publish","hentry","entry"],"_links":{"self":[{"href":"https:\/\/www.rightplacement.be\/index.php?rest_route=\/wp\/v2\/pages\/575","targetHints":{"allow":["GET"]}}],"collection":[{"href":"https:\/\/www.rightplacement.be\/index.php?rest_route=\/wp\/v2\/pages"}],"about":[{"href":"https:\/\/www.rightplacement.be\/index.php?rest_route=\/wp\/v2\/types\/page"}],"author":[{"embeddable":true,"href":"https:\/\/www.rightplacement.be\/index.php?rest_route=\/wp\/v2\/users\/1"}],"replies":[{"embeddable":true,"href":"https:\/\/www.rightplacement.be\/index.php?rest_route=%2Fwp%2Fv2%2Fcomments&post=575"}],"version-history":[{"count":7,"href":"https:\/\/www.rightplacement.be\/index.php?rest_route=\/wp\/v2\/pages\/575\/revisions"}],"predecessor-version":[{"id":582,"href":"https:\/\/www.rightplacement.be\/index.php?rest_route=\/wp\/v2\/pages\/575\/revisions\/582"}],"wp:attachment":[{"href":"https:\/\/www.rightplacement.be\/index.php?rest_route=%2Fwp%2Fv2%2Fmedia&parent=575"}],"curies":[{"name":"wp","href":"https:\/\/api.w.org\/{rel}","templated":true}]}}